{"id":282,"date":"2025-02-05T14:46:59","date_gmt":"2025-02-05T13:46:59","guid":{"rendered":"https:\/\/quartierdesbatignolles.fr\/?page_id=282"},"modified":"2025-02-05T14:49:30","modified_gmt":"2025-02-05T13:49:30","slug":"immobilier","status":"publish","type":"page","link":"https:\/\/quartierdesbatignolles.fr\/index.php\/immobilier\/","title":{"rendered":"Immobilier"},"content":{"rendered":"\t\t<div data-elementor-type=\"wp-page\" data-elementor-id=\"282\" class=\"elementor elementor-282\">\n\t\t\t\t<div class=\"elementor-element elementor-element-8c5be89 e-flex e-con-boxed wpr-particle-no wpr-jarallax-no wpr-parallax-no wpr-sticky-section-no e-con e-parent\" data-id=\"8c5be89\" data-element_type=\"container\" data-settings=\"{&quot;background_background&quot;:&quot;classic&quot;}\">\n\t\t\t\t\t<div class=\"e-con-inner\">\n\t\t\t\t<div class=\"elementor-element elementor-element-54a1c8b elementor-widget elementor-widget-heading\" data-id=\"54a1c8b\" data-element_type=\"widget\" data-widget_type=\"heading.default\">\n\t\t\t\t<div class=\"elementor-widget-container\">\n\t\t\t\t\t<h2 class=\"elementor-heading-title elementor-size-default\">Immobilier  pro et particulier<\/h2>\t\t\t\t<\/div>\n\t\t\t\t<\/div>\n\t\t\t\t\t<\/div>\n\t\t\t\t<\/div>\n\t\t<div class=\"elementor-element elementor-element-c9d1b42 e-flex e-con-boxed wpr-particle-no wpr-jarallax-no wpr-parallax-no wpr-sticky-section-no e-con e-parent\" data-id=\"c9d1b42\" data-element_type=\"container\">\n\t\t\t\t\t<div class=\"e-con-inner\">\n\t\t\t\t<div class=\"elementor-element elementor-element-577ecc1 elementor-widget elementor-widget-spacer\" data-id=\"577ecc1\" data-element_type=\"widget\" data-widget_type=\"spacer.default\">\n\t\t\t\t<div class=\"elementor-widget-container\">\n\t\t\t\t\t\t\t<div class=\"elementor-spacer\">\n\t\t\t<div class=\"elementor-spacer-inner\"><\/div>\n\t\t<\/div>\n\t\t\t\t\t\t<\/div>\n\t\t\t\t<\/div>\n\t\t\t\t<div class=\"elementor-element elementor-element-6b346e5 title-one-line tpg-wrapper-align-center elementor-hidden-mobile meta-visibility-show title_position_default title_hover_border_default img_hover_animation_default meta_position_default tpg-category-position-default grid-hover-overlay-type-always tpg-el-box-border-enable tpg-border-bottom-disable elementor-widget elementor-widget-tpg-grid-layout\" data-id=\"6b346e5\" data-element_type=\"widget\" data-widget_type=\"tpg-grid-layout.default\">\n\t\t\t\t<div class=\"elementor-widget-container\">\n\t\t\t\t\t\t\t<div class=\"rt-container-fluid rt-tpg-container tpg-el-main-wrapper clearfix grid-layout4-main \"\n\t\t\t id=\"rt-tpg-container-1025976801\"\n\t\t\t data-layout=\"grid-layout4\"\n\t\t\t data-grid-style=\"tpg-full-height\"\n\t\t\t data-sc-id=\"elementor\"\n\t\t\t data-el-settings=''\n\t\t\t data-el-query=''\n\t\t\t data-el-path=''\n\t\t>\n\n\t\t\t\t\t\t<div class='tpg-header-wrapper '>\n\t\t\t\t\t\t\t<\/div>\n\n\t\t\t<div data-title=\"Loading ...\" class=\"rt-row rt-content-loader grid-layout4 grid-behaviour tpg-full-height grid_layout_wrapper\">\n\t\t\t\t\n<div class=\"rt-col-md-4 rt-col-sm-6 rt-col-xs-12 default rt-grid-item\" data-id=\"269\">\n\t<div class=\"rt-holder tpg-post-holder\">\n\t\t<div class=\"rt-detail rt-el-content-wrapper\">\n\t\t\t\t\t\t\t<div class=\"rt-img-holder tpg-el-image-wrap has-thumbnail\">\n\t\t\t\t\t<a data-id=\"269\" href=\"https:\/\/quartierdesbatignolles.fr\/index.php\/2025\/02\/05\/locationpure\/\" class=\"tpg-post-link\" target=\"_self\">                        <img fetchpriority=\"high\" decoding=\"async\" src=\"https:\/\/quartierdesbatignolles.fr\/wp-content\/uploads\/2025\/02\/Firefly-bureau-moderne-a-en-open-space-32357-768x987.jpg\"\n                             class=\"rt-img-responsive\"\n                             width=\"768\"\n                             height=\"987\"\n                             alt=\"location bureau\">\n\t\t\t\t\t\t\n\t\t\t\t\t\t\t\n\t\t<\/a>\n\t\t        <div class=\"overlay grid-hover-content\"><\/div>\n\t\t\t\t\t\t<\/div>\n\t\t\t\n\t\t\t<div class=\"entry-title-wrapper\">        <div class=\"tpg-separate-category style1 top_left cat-above-title\">\n\t\t\t<span class='categories-links'>\n\t\t\t\n\n\t\t\t<a class=\"immobilier\" href=\"https:\/\/quartierdesbatignolles.fr\/index.php\/category\/immobilier\/\">Immobilier<\/a><span class=\"rt-separator\">,<\/span><a class=\"location-commerce-et-bureau\" href=\"https:\/\/quartierdesbatignolles.fr\/index.php\/category\/immobilier\/location-commerce-et-bureau\/\">Location commerces et bureaux<\/a>\t\t\t<\/span>\n        <\/div>\n\t\t<h3 class=\"entry-title\"><a data-id=\"269\" href=\"https:\/\/quartierdesbatignolles.fr\/index.php\/2025\/02\/05\/locationpure\/\" class=\"tpg-post-link\" target=\"_self\">Locationpure.com<\/a><\/h3><\/div>\n\t\t\t\t\t\t\t<div class=\"post-meta-tags rt-el-post-meta\">\n\t\t\t\t\t            <span class='date'>\n\t\t\t\t<i class='far fa-calendar-alt '><\/i>\t\t\t\t                    <a href=\"https:\/\/quartierdesbatignolles.fr\/index.php\/2025\/02\/05\/\">\n\t\t\t\t\t5 f\u00e9vrier 2025\t\t\t\t<\/a>\n\t\t\t\t\t\t\t<\/span>\n\t\t\t            <span class='categories-links'>\n\t\t\t\t<i class='fas fa-folder-open '><\/i><a class=\"immobilier\" href=\"https:\/\/quartierdesbatignolles.fr\/index.php\/category\/immobilier\/\">Immobilier<\/a><span class=\"rt-separator\">,<\/span><a class=\"location-commerce-et-bureau\" href=\"https:\/\/quartierdesbatignolles.fr\/index.php\/category\/immobilier\/location-commerce-et-bureau\/\">Location commerces et bureaux<\/a>\n\t\t\t<\/span>\n\t\t\t\t\t\t\t<\/div>\n\t\t\t\n\t\t\t\t\t\t\t<div class=\"tpg-excerpt tpg-el-excerpt\">\n\t\t\t\t\t\t\t\t\t\t\t<div class=\"tpg-excerpt-inner\">\n\t\t\t\t\t\t\tLocationpure.com LocationPure.com se pr\u00e9sente comme la plateforme incontournable pour tous les professionnels \u00e0 la recherche de locaux adapt\u00e9s \u00e0 leur activit\u00e9. Sp\u00e9cialis\u00e9 dans les annonces de location...\t\t\t\t\t\t<\/div>\n\t\t\t\t\t\t\t\t\t\t\t\t\t\t<\/div>\n\t\t\t\n\t\t\t\t\t<\/div>\n\t<\/div>\n<\/div>\n\t\t\t<\/div>\n\t\t\t\n\t\t<\/div>\n\t\t\t\t\t\t<\/div>\n\t\t\t\t<\/div>\n\t\t\t\t<div class=\"elementor-element elementor-element-2444fa3 title-one-line tpg-wrapper-align-center elementor-hidden-desktop elementor-hidden-tablet title_position_default title_hover_border_default img_hover_animation_default grid-hover-overlay-type-always tpg-el-box-border-enable tpg-border-bottom-disable elementor-widget elementor-widget-tpg-grid-layout\" data-id=\"2444fa3\" data-element_type=\"widget\" data-widget_type=\"tpg-grid-layout.default\">\n\t\t\t\t<div class=\"elementor-widget-container\">\n\t\t\t\t\t\t\t<div class=\"rt-container-fluid rt-tpg-container tpg-el-main-wrapper clearfix grid-layout4-main \"\n\t\t\t id=\"rt-tpg-container-603874201\"\n\t\t\t data-layout=\"grid-layout4\"\n\t\t\t data-grid-style=\"tpg-full-height\"\n\t\t\t data-sc-id=\"elementor\"\n\t\t\t data-el-settings=''\n\t\t\t data-el-query=''\n\t\t\t data-el-path=''\n\t\t>\n\n\t\t\t\t\t\t<div class='tpg-header-wrapper '>\n\t\t\t\t\t\t\t<\/div>\n\n\t\t\t<div data-title=\"Loading ...\" class=\"rt-row rt-content-loader grid-layout4 grid-behaviour tpg-full-height grid_layout_wrapper\">\n\t\t\t\t\n<div class=\"rt-col-md-4 rt-col-sm-6 rt-col-xs-12 default rt-grid-item\" data-id=\"269\">\n\t<div class=\"rt-holder tpg-post-holder\">\n\t\t<div class=\"rt-detail rt-el-content-wrapper\">\n\t\t\t\t\t\t\t<div class=\"rt-img-holder tpg-el-image-wrap has-thumbnail\">\n\t\t\t\t\t<a data-id=\"269\" href=\"https:\/\/quartierdesbatignolles.fr\/index.php\/2025\/02\/05\/locationpure\/\" class=\"tpg-post-link\" target=\"_self\">                        <img fetchpriority=\"high\" decoding=\"async\" src=\"https:\/\/quartierdesbatignolles.fr\/wp-content\/uploads\/2025\/02\/Firefly-bureau-moderne-a-en-open-space-32357-768x987.jpg\"\n                             class=\"rt-img-responsive\"\n                             width=\"768\"\n                             height=\"987\"\n                             alt=\"location bureau\">\n\t\t\t\t\t\t\n\t\t\t\t\t\t\t\n\t\t<\/a>\n\t\t        <div class=\"overlay grid-hover-content\"><\/div>\n\t\t\t\t\t\t<\/div>\n\t\t\t\n\t\t\t<div class=\"entry-title-wrapper\"><h3 class=\"entry-title\"><a data-id=\"269\" href=\"https:\/\/quartierdesbatignolles.fr\/index.php\/2025\/02\/05\/locationpure\/\" class=\"tpg-post-link\" target=\"_self\">Locationpure.com<\/a><\/h3><\/div>\n\t\t\t\n\t\t\t\n\t\t\t\t\t<\/div>\n\t<\/div>\n<\/div>\n\t\t\t<\/div>\n\t\t\t\n\t\t<\/div>\n\t\t\t\t\t\t<\/div>\n\t\t\t\t<\/div>\n\t\t\t\t\t<\/div>\n\t\t\t\t<\/div>\n\t\t\t\t<\/div>\n\t\t","protected":false},"excerpt":{"rendered":"<p>Immobilier pro et particulier Immobilier,Location commerces et bureaux Locationpure.com 5 f\u00e9vrier 2025 Immobilier,Location commerces et bureaux Locationpure.com LocationPure.com se pr\u00e9sente comme la plateforme incontournable pour tous les professionnels \u00e0 la recherche de locaux adapt\u00e9s \u00e0 leur activit\u00e9. Sp\u00e9cialis\u00e9 dans les annonces de location&#8230; Locationpure.com<\/p>\n","protected":false},"author":1,"featured_media":276,"parent":0,"menu_order":0,"comment_status":"closed","ping_status":"closed","template":"","meta":{"footnotes":""},"categories":[],"tags":[],"class_list":["post-282","page","type-page","status-publish","has-post-thumbnail","hentry"],"yoast_head":"<!-- This site is optimized with the Yoast SEO plugin v24.2 - https:\/\/yoast.com\/wordpress\/plugins\/seo\/ -->\n<title>Immobilier - Quartier des Batignolles<\/title>\n<meta name=\"description\" content=\"D\u00e9couvrez les meilleurs sites et agences immobili\u00e8res pro et particulier dans le quartier des Batignolles \u00e0 Paris 17.\" \/>\n<meta name=\"robots\" content=\"index, follow, max-snippet:-1, max-image-preview:large, max-video-preview:-1\" \/>\n<link rel=\"canonical\" href=\"https:\/\/quartierdesbatignolles.fr\/index.php\/immobilier\/\" \/>\n<meta property=\"og:locale\" content=\"fr_FR\" \/>\n<meta property=\"og:type\" content=\"article\" \/>\n<meta property=\"og:title\" content=\"Immobilier - Quartier des Batignolles\" \/>\n<meta property=\"og:description\" content=\"D\u00e9couvrez les meilleurs sites et agences immobili\u00e8res pro et particulier dans le quartier des Batignolles \u00e0 Paris 17.\" \/>\n<meta property=\"og:url\" content=\"https:\/\/quartierdesbatignolles.fr\/index.php\/immobilier\/\" \/>\n<meta property=\"og:site_name\" content=\"Quartier des Batignolles\" \/>\n<meta property=\"article:modified_time\" content=\"2025-02-05T13:49:30+00:00\" \/>\n<meta property=\"og:image\" content=\"https:\/\/quartierdesbatignolles.fr\/wp-content\/uploads\/2025\/02\/Firefly-devanture-boutique-dans-les-rues-de-paris-38050.jpg\" \/>\n\t<meta property=\"og:image:width\" content=\"1792\" \/>\n\t<meta property=\"og:image:height\" content=\"2304\" \/>\n\t<meta property=\"og:image:type\" content=\"image\/jpeg\" \/>\n<meta name=\"twitter:card\" content=\"summary_large_image\" \/>\n<meta name=\"twitter:label1\" content=\"Dur\u00e9e de lecture estim\u00e9e\" \/>\n\t<meta name=\"twitter:data1\" content=\"1 minute\" \/>\n<script type=\"application\/ld+json\" class=\"yoast-schema-graph\">{\"@context\":\"https:\/\/schema.org\",\"@graph\":[{\"@type\":\"WebPage\",\"@id\":\"https:\/\/quartierdesbatignolles.fr\/index.php\/immobilier\/\",\"url\":\"https:\/\/quartierdesbatignolles.fr\/index.php\/immobilier\/\",\"name\":\"Immobilier - Quartier des Batignolles\",\"isPartOf\":{\"@id\":\"https:\/\/quartierdesbatignolles.fr\/#website\"},\"primaryImageOfPage\":{\"@id\":\"https:\/\/quartierdesbatignolles.fr\/index.php\/immobilier\/#primaryimage\"},\"image\":{\"@id\":\"https:\/\/quartierdesbatignolles.fr\/index.php\/immobilier\/#primaryimage\"},\"thumbnailUrl\":\"https:\/\/quartierdesbatignolles.fr\/wp-content\/uploads\/2025\/02\/Firefly-devanture-boutique-dans-les-rues-de-paris-38050.jpg\",\"datePublished\":\"2025-02-05T13:46:59+00:00\",\"dateModified\":\"2025-02-05T13:49:30+00:00\",\"description\":\"D\u00e9couvrez les meilleurs sites et agences immobili\u00e8res pro et particulier dans le quartier des Batignolles \u00e0 Paris 17.\",\"breadcrumb\":{\"@id\":\"https:\/\/quartierdesbatignolles.fr\/index.php\/immobilier\/#breadcrumb\"},\"inLanguage\":\"fr-FR\",\"potentialAction\":[{\"@type\":\"ReadAction\",\"target\":[\"https:\/\/quartierdesbatignolles.fr\/index.php\/immobilier\/\"]}]},{\"@type\":\"ImageObject\",\"inLanguage\":\"fr-FR\",\"@id\":\"https:\/\/quartierdesbatignolles.fr\/index.php\/immobilier\/#primaryimage\",\"url\":\"https:\/\/quartierdesbatignolles.fr\/wp-content\/uploads\/2025\/02\/Firefly-devanture-boutique-dans-les-rues-de-paris-38050.jpg\",\"contentUrl\":\"https:\/\/quartierdesbatignolles.fr\/wp-content\/uploads\/2025\/02\/Firefly-devanture-boutique-dans-les-rues-de-paris-38050.jpg\",\"width\":1792,\"height\":2304,\"caption\":\"location commerce\"},{\"@type\":\"BreadcrumbList\",\"@id\":\"https:\/\/quartierdesbatignolles.fr\/index.php\/immobilier\/#breadcrumb\",\"itemListElement\":[{\"@type\":\"ListItem\",\"position\":1,\"name\":\"Accueil\",\"item\":\"https:\/\/quartierdesbatignolles.fr\/\"},{\"@type\":\"ListItem\",\"position\":2,\"name\":\"Immobilier\"}]},{\"@type\":\"WebSite\",\"@id\":\"https:\/\/quartierdesbatignolles.fr\/#website\",\"url\":\"https:\/\/quartierdesbatignolles.fr\/\",\"name\":\"Quartier des Batignolles\",\"description\":\"\",\"publisher\":{\"@id\":\"https:\/\/quartierdesbatignolles.fr\/#organization\"},\"potentialAction\":[{\"@type\":\"SearchAction\",\"target\":{\"@type\":\"EntryPoint\",\"urlTemplate\":\"https:\/\/quartierdesbatignolles.fr\/?s={search_term_string}\"},\"query-input\":{\"@type\":\"PropertyValueSpecification\",\"valueRequired\":true,\"valueName\":\"search_term_string\"}}],\"inLanguage\":\"fr-FR\"},{\"@type\":\"Organization\",\"@id\":\"https:\/\/quartierdesbatignolles.fr\/#organization\",\"name\":\"Quartier des Batignolles\",\"url\":\"https:\/\/quartierdesbatignolles.fr\/\",\"logo\":{\"@type\":\"ImageObject\",\"inLanguage\":\"fr-FR\",\"@id\":\"https:\/\/quartierdesbatignolles.fr\/#\/schema\/logo\/image\/\",\"url\":\"https:\/\/quartierdesbatignolles.fr\/wp-content\/uploads\/2025\/01\/logo-quartier-des-batignolles.png\",\"contentUrl\":\"https:\/\/quartierdesbatignolles.fr\/wp-content\/uploads\/2025\/01\/logo-quartier-des-batignolles.png\",\"width\":440,\"height\":150,\"caption\":\"Quartier des Batignolles\"},\"image\":{\"@id\":\"https:\/\/quartierdesbatignolles.fr\/#\/schema\/logo\/image\/\"}}]}<\/script>\n<!-- \/ Yoast SEO plugin. -->","yoast_head_json":{"title":"Immobilier - Quartier des Batignolles","description":"D\u00e9couvrez les meilleurs sites et agences immobili\u00e8res pro et particulier dans le quartier des Batignolles \u00e0 Paris 17.","robots":{"index":"index","follow":"follow","max-snippet":"max-snippet:-1","max-image-preview":"max-image-preview:large","max-video-preview":"max-video-preview:-1"},"canonical":"https:\/\/quartierdesbatignolles.fr\/index.php\/immobilier\/","og_locale":"fr_FR","og_type":"article","og_title":"Immobilier - Quartier des Batignolles","og_description":"D\u00e9couvrez les meilleurs sites et agences immobili\u00e8res pro et particulier dans le quartier des Batignolles \u00e0 Paris 17.","og_url":"https:\/\/quartierdesbatignolles.fr\/index.php\/immobilier\/","og_site_name":"Quartier des Batignolles","article_modified_time":"2025-02-05T13:49:30+00:00","og_image":[{"width":1792,"height":2304,"url":"https:\/\/quartierdesbatignolles.fr\/wp-content\/uploads\/2025\/02\/Firefly-devanture-boutique-dans-les-rues-de-paris-38050.jpg","type":"image\/jpeg"}],"twitter_card":"summary_large_image","twitter_misc":{"Dur\u00e9e de lecture estim\u00e9e":"1 minute"},"schema":{"@context":"https:\/\/schema.org","@graph":[{"@type":"WebPage","@id":"https:\/\/quartierdesbatignolles.fr\/index.php\/immobilier\/","url":"https:\/\/quartierdesbatignolles.fr\/index.php\/immobilier\/","name":"Immobilier - Quartier des Batignolles","isPartOf":{"@id":"https:\/\/quartierdesbatignolles.fr\/#website"},"primaryImageOfPage":{"@id":"https:\/\/quartierdesbatignolles.fr\/index.php\/immobilier\/#primaryimage"},"image":{"@id":"https:\/\/quartierdesbatignolles.fr\/index.php\/immobilier\/#primaryimage"},"thumbnailUrl":"https:\/\/quartierdesbatignolles.fr\/wp-content\/uploads\/2025\/02\/Firefly-devanture-boutique-dans-les-rues-de-paris-38050.jpg","datePublished":"2025-02-05T13:46:59+00:00","dateModified":"2025-02-05T13:49:30+00:00","description":"D\u00e9couvrez les meilleurs sites et agences immobili\u00e8res pro et particulier dans le quartier des Batignolles \u00e0 Paris 17.","breadcrumb":{"@id":"https:\/\/quartierdesbatignolles.fr\/index.php\/immobilier\/#breadcrumb"},"inLanguage":"fr-FR","potentialAction":[{"@type":"ReadAction","target":["https:\/\/quartierdesbatignolles.fr\/index.php\/immobilier\/"]}]},{"@type":"ImageObject","inLanguage":"fr-FR","@id":"https:\/\/quartierdesbatignolles.fr\/index.php\/immobilier\/#primaryimage","url":"https:\/\/quartierdesbatignolles.fr\/wp-content\/uploads\/2025\/02\/Firefly-devanture-boutique-dans-les-rues-de-paris-38050.jpg","contentUrl":"https:\/\/quartierdesbatignolles.fr\/wp-content\/uploads\/2025\/02\/Firefly-devanture-boutique-dans-les-rues-de-paris-38050.jpg","width":1792,"height":2304,"caption":"location commerce"},{"@type":"BreadcrumbList","@id":"https:\/\/quartierdesbatignolles.fr\/index.php\/immobilier\/#breadcrumb","itemListElement":[{"@type":"ListItem","position":1,"name":"Accueil","item":"https:\/\/quartierdesbatignolles.fr\/"},{"@type":"ListItem","position":2,"name":"Immobilier"}]},{"@type":"WebSite","@id":"https:\/\/quartierdesbatignolles.fr\/#website","url":"https:\/\/quartierdesbatignolles.fr\/","name":"Quartier des Batignolles","description":"","publisher":{"@id":"https:\/\/quartierdesbatignolles.fr\/#organization"},"potentialAction":[{"@type":"SearchAction","target":{"@type":"EntryPoint","urlTemplate":"https:\/\/quartierdesbatignolles.fr\/?s={search_term_string}"},"query-input":{"@type":"PropertyValueSpecification","valueRequired":true,"valueName":"search_term_string"}}],"inLanguage":"fr-FR"},{"@type":"Organization","@id":"https:\/\/quartierdesbatignolles.fr\/#organization","name":"Quartier des Batignolles","url":"https:\/\/quartierdesbatignolles.fr\/","logo":{"@type":"ImageObject","inLanguage":"fr-FR","@id":"https:\/\/quartierdesbatignolles.fr\/#\/schema\/logo\/image\/","url":"https:\/\/quartierdesbatignolles.fr\/wp-content\/uploads\/2025\/01\/logo-quartier-des-batignolles.png","contentUrl":"https:\/\/quartierdesbatignolles.fr\/wp-content\/uploads\/2025\/01\/logo-quartier-des-batignolles.png","width":440,"height":150,"caption":"Quartier des Batignolles"},"image":{"@id":"https:\/\/quartierdesbatignolles.fr\/#\/schema\/logo\/image\/"}}]}},"rttpg_featured_image_url":{"full":["https:\/\/quartierdesbatignolles.fr\/wp-content\/uploads\/2025\/02\/Firefly-devanture-boutique-dans-les-rues-de-paris-38050.jpg",1792,2304,false],"landscape":["https:\/\/quartierdesbatignolles.fr\/wp-content\/uploads\/2025\/02\/Firefly-devanture-boutique-dans-les-rues-de-paris-38050.jpg",1792,2304,false],"portraits":["https:\/\/quartierdesbatignolles.fr\/wp-content\/uploads\/2025\/02\/Firefly-devanture-boutique-dans-les-rues-de-paris-38050.jpg",1792,2304,false],"thumbnail":["https:\/\/quartierdesbatignolles.fr\/wp-content\/uploads\/2025\/02\/Firefly-devanture-boutique-dans-les-rues-de-paris-38050-250x250.jpg",250,250,true],"medium":["https:\/\/quartierdesbatignolles.fr\/wp-content\/uploads\/2025\/02\/Firefly-devanture-boutique-dans-les-rues-de-paris-38050-233x300.jpg",233,300,true],"large":["https:\/\/quartierdesbatignolles.fr\/wp-content\/uploads\/2025\/02\/Firefly-devanture-boutique-dans-les-rues-de-paris-38050-796x1024.jpg",796,1024,true],"1536x1536":["https:\/\/quartierdesbatignolles.fr\/wp-content\/uploads\/2025\/02\/Firefly-devanture-boutique-dans-les-rues-de-paris-38050-1195x1536.jpg",1195,1536,true],"2048x2048":["https:\/\/quartierdesbatignolles.fr\/wp-content\/uploads\/2025\/02\/Firefly-devanture-boutique-dans-les-rues-de-paris-38050-1593x2048.jpg",1593,2048,true]},"rttpg_author":{"display_name":"Alexandre","author_link":"https:\/\/quartierdesbatignolles.fr\/index.php\/author\/alexandre\/"},"rttpg_comment":0,"rttpg_category":"Non class\u00e9","rttpg_excerpt":"Immobilier pro et particulier Immobilier,Location commerces et bureaux Locationpure.com 5 f\u00e9vrier 2025 Immobilier,Location commerces et bureaux Locationpure.com LocationPure.com se pr\u00e9sente comme la plateforme incontournable pour tous les professionnels \u00e0 la recherche de locaux adapt\u00e9s \u00e0 leur activit\u00e9. Sp\u00e9cialis\u00e9 dans les annonces de location&#8230; Locationpure.com","_links":{"self":[{"href":"https:\/\/quartierdesbatignolles.fr\/index.php\/wp-json\/wp\/v2\/pages\/282","targetHints":{"allow":["GET"]}}],"collection":[{"href":"https:\/\/quartierdesbatignolles.fr\/index.php\/wp-json\/wp\/v2\/pages"}],"about":[{"href":"https:\/\/quartierdesbatignolles.fr\/index.php\/wp-json\/wp\/v2\/types\/page"}],"author":[{"embeddable":true,"href":"https:\/\/quartierdesbatignolles.fr\/index.php\/wp-json\/wp\/v2\/users\/1"}],"replies":[{"embeddable":true,"href":"https:\/\/quartierdesbatignolles.fr\/index.php\/wp-json\/wp\/v2\/comments?post=282"}],"version-history":[{"count":7,"href":"https:\/\/quartierdesbatignolles.fr\/index.php\/wp-json\/wp\/v2\/pages\/282\/revisions"}],"predecessor-version":[{"id":289,"href":"https:\/\/quartierdesbatignolles.fr\/index.php\/wp-json\/wp\/v2\/pages\/282\/revisions\/289"}],"wp:featuredmedia":[{"embeddable":true,"href":"https:\/\/quartierdesbatignolles.fr\/index.php\/wp-json\/wp\/v2\/media\/276"}],"wp:attachment":[{"href":"https:\/\/quartierdesbatignolles.fr\/index.php\/wp-json\/wp\/v2\/media?parent=282"}],"wp:term":[{"taxonomy":"category","embeddable":true,"href":"https:\/\/quartierdesbatignolles.fr\/index.php\/wp-json\/wp\/v2\/categories?post=282"},{"taxonomy":"post_tag","embeddable":true,"href":"https:\/\/quartierdesbatignolles.fr\/index.php\/wp-json\/wp\/v2\/tags?post=282"}],"curies":[{"name":"wp","href":"https:\/\/api.w.org\/{rel}","templated":true}]}}