{"id":188,"date":"2025-01-22T14:33:08","date_gmt":"2025-01-22T13:33:08","guid":{"rendered":"https:\/\/quartierdesbatignolles.fr\/?page_id=188"},"modified":"2025-01-28T21:58:51","modified_gmt":"2025-01-28T20:58:51","slug":"magasins-de-vetements-et-accessoires","status":"publish","type":"page","link":"https:\/\/quartierdesbatignolles.fr\/index.php\/magasins-de-vetements-et-accessoires\/","title":{"rendered":"La seconde main aux Batignolles"},"content":{"rendered":"\t\t<div data-elementor-type=\"wp-page\" data-elementor-id=\"188\" class=\"elementor elementor-188\">\n\t\t\t\t<div class=\"elementor-element elementor-element-8c5be89 e-flex e-con-boxed wpr-particle-no wpr-jarallax-no wpr-parallax-no wpr-sticky-section-no e-con e-parent\" data-id=\"8c5be89\" data-element_type=\"container\" data-settings=\"{&quot;background_background&quot;:&quot;classic&quot;}\">\n\t\t\t\t\t<div class=\"e-con-inner\">\n\t\t\t\t<div class=\"elementor-element elementor-element-54a1c8b elementor-widget elementor-widget-heading\" data-id=\"54a1c8b\" data-element_type=\"widget\" data-widget_type=\"heading.default\">\n\t\t\t\t<div class=\"elementor-widget-container\">\n\t\t\t\t\t<h2 class=\"elementor-heading-title elementor-size-default\">Magasins de seconde main<\/h2>\t\t\t\t<\/div>\n\t\t\t\t<\/div>\n\t\t\t\t\t<\/div>\n\t\t\t\t<\/div>\n\t\t<div class=\"elementor-element elementor-element-c9d1b42 e-flex e-con-boxed wpr-particle-no wpr-jarallax-no wpr-parallax-no wpr-sticky-section-no e-con e-parent\" data-id=\"c9d1b42\" data-element_type=\"container\">\n\t\t\t\t\t<div class=\"e-con-inner\">\n\t\t\t\t<div class=\"elementor-element elementor-element-577ecc1 elementor-widget elementor-widget-spacer\" data-id=\"577ecc1\" data-element_type=\"widget\" data-widget_type=\"spacer.default\">\n\t\t\t\t<div class=\"elementor-widget-container\">\n\t\t\t\t\t\t\t<div class=\"elementor-spacer\">\n\t\t\t<div class=\"elementor-spacer-inner\"><\/div>\n\t\t<\/div>\n\t\t\t\t\t\t<\/div>\n\t\t\t\t<\/div>\n\t\t\t\t<div class=\"elementor-element elementor-element-6b346e5 title-one-line tpg-wrapper-align-center elementor-hidden-mobile meta-visibility-show title_position_default title_hover_border_default img_hover_animation_default meta_position_default tpg-category-position-default grid-hover-overlay-type-always tpg-el-box-border-enable tpg-border-bottom-disable elementor-widget elementor-widget-tpg-grid-layout\" data-id=\"6b346e5\" data-element_type=\"widget\" data-widget_type=\"tpg-grid-layout.default\">\n\t\t\t\t<div class=\"elementor-widget-container\">\n\t\t\t\t\t\t\t<div class=\"rt-container-fluid rt-tpg-container tpg-el-main-wrapper clearfix grid-layout4-main \"\n\t\t\t id=\"rt-tpg-container-2455781161\"\n\t\t\t data-layout=\"grid-layout4\"\n\t\t\t data-grid-style=\"tpg-full-height\"\n\t\t\t data-sc-id=\"elementor\"\n\t\t\t data-el-settings=''\n\t\t\t data-el-query=''\n\t\t\t data-el-path=''\n\t\t>\n\n\t\t\t\t\t\t<div class='tpg-header-wrapper '>\n\t\t\t\t\t\t\t<\/div>\n\n\t\t\t<div data-title=\"Loading ...\" class=\"rt-row rt-content-loader grid-layout4 grid-behaviour tpg-full-height grid_layout_wrapper\">\n\t\t\t\t\n<div class=\"rt-col-md-4 rt-col-sm-6 rt-col-xs-12 default rt-grid-item\" data-id=\"40\">\n\t<div class=\"rt-holder tpg-post-holder\">\n\t\t<div class=\"rt-detail rt-el-content-wrapper\">\n\t\t\t\t\t\t\t<div class=\"rt-img-holder tpg-el-image-wrap has-thumbnail\">\n\t\t\t\t\t<a data-id=\"40\" href=\"https:\/\/quartierdesbatignolles.fr\/index.php\/2025\/01\/18\/vetements-de-seconde-main\/\" class=\"tpg-post-link\" target=\"_self\">                        <img fetchpriority=\"high\" decoding=\"async\" src=\"https:\/\/quartierdesbatignolles.fr\/wp-content\/uploads\/2025\/01\/1f67af19-aeb7-407a-8dd0-81d9d483aaa8-768x1365.jpg\"\n                             class=\"rt-img-responsive\"\n                             width=\"768\"\n                             height=\"1365\"\n                             alt=\"secondeal v\u00eatements de seconde main\">\n\t\t\t\t\t\t\n\t\t\t\t\t\t\t\n\t\t<\/a>\n\t\t        <div class=\"overlay grid-hover-content\"><\/div>\n\t\t\t\t\t\t<\/div>\n\t\t\t\n\t\t\t<div class=\"entry-title-wrapper\">        <div class=\"tpg-separate-category style1 top_left cat-above-title\">\n\t\t\t<span class='categories-links'>\n\t\t\t\n\n\t\t\t<a class=\"magasin\" href=\"https:\/\/quartierdesbatignolles.fr\/index.php\/category\/magasin\/\">magasin<\/a><span class=\"rt-separator\">,<\/span><a class=\"vetements\" href=\"https:\/\/quartierdesbatignolles.fr\/index.php\/category\/magasin\/vetements\/\">v\u00eatements<\/a>\t\t\t<\/span>\n        <\/div>\n\t\t<h3 class=\"entry-title\"><a data-id=\"40\" href=\"https:\/\/quartierdesbatignolles.fr\/index.php\/2025\/01\/18\/vetements-de-seconde-main\/\" class=\"tpg-post-link\" target=\"_self\">Secondeal v\u00eatements de seconde<\/a><\/h3><\/div>\n\t\t\t\t\t\t\t<div class=\"post-meta-tags rt-el-post-meta\">\n\t\t\t\t\t            <span class='date'>\n\t\t\t\t<i class='far fa-calendar-alt '><\/i>\t\t\t\t                    <a href=\"https:\/\/quartierdesbatignolles.fr\/index.php\/2025\/01\/18\/\">\n\t\t\t\t\t18 janvier 2025\t\t\t\t<\/a>\n\t\t\t\t\t\t\t<\/span>\n\t\t\t            <span class='categories-links'>\n\t\t\t\t<i class='fas fa-folder-open '><\/i><a class=\"magasin\" href=\"https:\/\/quartierdesbatignolles.fr\/index.php\/category\/magasin\/\">magasin<\/a><span class=\"rt-separator\">,<\/span><a class=\"vetements\" href=\"https:\/\/quartierdesbatignolles.fr\/index.php\/category\/magasin\/vetements\/\">v\u00eatements<\/a>\n\t\t\t<\/span>\n\t\t\t\t\t\t\t<\/div>\n\t\t\t\n\t\t\t\t\t\t\t<div class=\"tpg-excerpt tpg-el-excerpt\">\n\t\t\t\t\t\t\t\t\t\t\t<div class=\"tpg-excerpt-inner\">\n\t\t\t\t\t\t\tSecondeal v\u00eatements de seconde main Situ\u00e9e dans le charmant 17\u00e8me arrondissement de Paris, au 99 rue Legendre, Secondeal est une boutique incontournable pour les amateurs de mode \u00e0 la recherche de...\t\t\t\t\t\t<\/div>\n\t\t\t\t\t\t\t\t\t\t\t\t\t\t<\/div>\n\t\t\t\n\t\t\t\t\t<\/div>\n\t<\/div>\n<\/div>\n\t\t\t<\/div>\n\t\t\t\n\t\t<\/div>\n\t\t\t\t\t\t<\/div>\n\t\t\t\t<\/div>\n\t\t\t\t<div class=\"elementor-element elementor-element-ac17774 title-one-line tpg-wrapper-align-center elementor-hidden-desktop elementor-hidden-tablet title_position_default title_hover_border_default img_hover_animation_default grid-hover-overlay-type-always tpg-el-box-border-enable tpg-border-bottom-disable elementor-widget elementor-widget-tpg-grid-layout\" data-id=\"ac17774\" data-element_type=\"widget\" data-widget_type=\"tpg-grid-layout.default\">\n\t\t\t\t<div class=\"elementor-widget-container\">\n\t\t\t\t\t\t\t<div class=\"rt-container-fluid rt-tpg-container tpg-el-main-wrapper clearfix grid-layout4-main \"\n\t\t\t id=\"rt-tpg-container-3473771720\"\n\t\t\t data-layout=\"grid-layout4\"\n\t\t\t data-grid-style=\"tpg-full-height\"\n\t\t\t data-sc-id=\"elementor\"\n\t\t\t data-el-settings=''\n\t\t\t data-el-query=''\n\t\t\t data-el-path=''\n\t\t>\n\n\t\t\t\t\t\t<div class='tpg-header-wrapper '>\n\t\t\t\t\t\t\t<\/div>\n\n\t\t\t<div data-title=\"Loading ...\" class=\"rt-row rt-content-loader grid-layout4 grid-behaviour tpg-full-height grid_layout_wrapper\">\n\t\t\t\t\n<div class=\"rt-col-md-4 rt-col-sm-6 rt-col-xs-12 default rt-grid-item\" data-id=\"40\">\n\t<div class=\"rt-holder tpg-post-holder\">\n\t\t<div class=\"rt-detail rt-el-content-wrapper\">\n\t\t\t\t\t\t\t<div class=\"rt-img-holder tpg-el-image-wrap has-thumbnail\">\n\t\t\t\t\t<a data-id=\"40\" href=\"https:\/\/quartierdesbatignolles.fr\/index.php\/2025\/01\/18\/vetements-de-seconde-main\/\" class=\"tpg-post-link\" target=\"_self\">                        <img fetchpriority=\"high\" decoding=\"async\" src=\"https:\/\/quartierdesbatignolles.fr\/wp-content\/uploads\/2025\/01\/1f67af19-aeb7-407a-8dd0-81d9d483aaa8-768x1365.jpg\"\n                             class=\"rt-img-responsive\"\n                             width=\"768\"\n                             height=\"1365\"\n                             alt=\"secondeal v\u00eatements de seconde main\">\n\t\t\t\t\t\t\n\t\t\t\t\t\t\t\n\t\t<\/a>\n\t\t        <div class=\"overlay grid-hover-content\"><\/div>\n\t\t\t\t\t\t<\/div>\n\t\t\t\n\t\t\t<div class=\"entry-title-wrapper\"><h3 class=\"entry-title\"><a data-id=\"40\" href=\"https:\/\/quartierdesbatignolles.fr\/index.php\/2025\/01\/18\/vetements-de-seconde-main\/\" class=\"tpg-post-link\" target=\"_self\">Secondeal v\u00eatements de seconde<\/a><\/h3><\/div>\n\t\t\t\n\t\t\t\n\t\t\t\t\t<\/div>\n\t<\/div>\n<\/div>\n\t\t\t<\/div>\n\t\t\t\n\t\t<\/div>\n\t\t\t\t\t\t<\/div>\n\t\t\t\t<\/div>\n\t\t\t\t\t<\/div>\n\t\t\t\t<\/div>\n\t\t\t\t<\/div>\n\t\t","protected":false},"excerpt":{"rendered":"<p>Magasins de seconde main magasin,v\u00eatements Secondeal v\u00eatements de seconde 18 janvier 2025 magasin,v\u00eatements Secondeal v\u00eatements de seconde main Situ\u00e9e dans le charmant 17\u00e8me arrondissement de Paris, au 99 rue Legendre, Secondeal est une boutique incontournable pour les amateurs de mode \u00e0 la recherche de&#8230; Secondeal v\u00eatements de seconde<\/p>\n","protected":false},"author":1,"featured_media":0,"parent":0,"menu_order":0,"comment_status":"closed","ping_status":"closed","template":"","meta":{"footnotes":""},"categories":[],"tags":[],"class_list":["post-188","page","type-page","status-publish","hentry"],"yoast_head":"<!-- This site is optimized with the Yoast SEO plugin v24.2 - https:\/\/yoast.com\/wordpress\/plugins\/seo\/ -->\n<title>La seconde main aux Batignolles - Quartier des Batignolles<\/title>\n<meta name=\"description\" content=\"D\u00e9couvrez les commerces de seconde main des Batignolles Paris 17\u00e8me. Les bonnes adresses du quartier. Passez faire un tour!\" \/>\n<meta name=\"robots\" content=\"index, follow, max-snippet:-1, max-image-preview:large, max-video-preview:-1\" \/>\n<link rel=\"canonical\" href=\"https:\/\/quartierdesbatignolles.fr\/index.php\/magasins-de-vetements-et-accessoires\/\" \/>\n<meta property=\"og:locale\" content=\"fr_FR\" \/>\n<meta property=\"og:type\" content=\"article\" \/>\n<meta property=\"og:title\" content=\"La seconde main aux Batignolles - Quartier des Batignolles\" \/>\n<meta property=\"og:description\" content=\"D\u00e9couvrez les commerces de seconde main des Batignolles Paris 17\u00e8me. Les bonnes adresses du quartier. Passez faire un tour!\" \/>\n<meta property=\"og:url\" content=\"https:\/\/quartierdesbatignolles.fr\/index.php\/magasins-de-vetements-et-accessoires\/\" \/>\n<meta property=\"og:site_name\" content=\"Quartier des Batignolles\" \/>\n<meta property=\"article:modified_time\" content=\"2025-01-28T20:58:51+00:00\" \/>\n<meta property=\"og:image\" content=\"https:\/\/quartierdesbatignolles.fr\/wp-content\/uploads\/2025\/01\/1f67af19-aeb7-407a-8dd0-81d9d483aaa8-768x1365.jpg\" \/>\n<meta name=\"twitter:card\" content=\"summary_large_image\" \/>\n<meta name=\"twitter:label1\" content=\"Dur\u00e9e de lecture estim\u00e9e\" \/>\n\t<meta name=\"twitter:data1\" content=\"1 minute\" \/>\n<script type=\"application\/ld+json\" class=\"yoast-schema-graph\">{\"@context\":\"https:\/\/schema.org\",\"@graph\":[{\"@type\":\"WebPage\",\"@id\":\"https:\/\/quartierdesbatignolles.fr\/index.php\/magasins-de-vetements-et-accessoires\/\",\"url\":\"https:\/\/quartierdesbatignolles.fr\/index.php\/magasins-de-vetements-et-accessoires\/\",\"name\":\"La seconde main aux Batignolles - Quartier des Batignolles\",\"isPartOf\":{\"@id\":\"https:\/\/quartierdesbatignolles.fr\/#website\"},\"primaryImageOfPage\":{\"@id\":\"https:\/\/quartierdesbatignolles.fr\/index.php\/magasins-de-vetements-et-accessoires\/#primaryimage\"},\"image\":{\"@id\":\"https:\/\/quartierdesbatignolles.fr\/index.php\/magasins-de-vetements-et-accessoires\/#primaryimage\"},\"thumbnailUrl\":\"https:\/\/quartierdesbatignolles.fr\/wp-content\/uploads\/2025\/01\/1f67af19-aeb7-407a-8dd0-81d9d483aaa8-768x1365.jpg\",\"datePublished\":\"2025-01-22T13:33:08+00:00\",\"dateModified\":\"2025-01-28T20:58:51+00:00\",\"description\":\"D\u00e9couvrez les commerces de seconde main des Batignolles Paris 17\u00e8me. Les bonnes adresses du quartier. Passez faire un tour!\",\"breadcrumb\":{\"@id\":\"https:\/\/quartierdesbatignolles.fr\/index.php\/magasins-de-vetements-et-accessoires\/#breadcrumb\"},\"inLanguage\":\"fr-FR\",\"potentialAction\":[{\"@type\":\"ReadAction\",\"target\":[\"https:\/\/quartierdesbatignolles.fr\/index.php\/magasins-de-vetements-et-accessoires\/\"]}]},{\"@type\":\"ImageObject\",\"inLanguage\":\"fr-FR\",\"@id\":\"https:\/\/quartierdesbatignolles.fr\/index.php\/magasins-de-vetements-et-accessoires\/#primaryimage\",\"url\":\"https:\/\/quartierdesbatignolles.fr\/wp-content\/uploads\/2025\/01\/1f67af19-aeb7-407a-8dd0-81d9d483aaa8.jpg\",\"contentUrl\":\"https:\/\/quartierdesbatignolles.fr\/wp-content\/uploads\/2025\/01\/1f67af19-aeb7-407a-8dd0-81d9d483aaa8.jpg\",\"width\":1152,\"height\":2048,\"caption\":\"secondeal v\u00eatements de seconde main\"},{\"@type\":\"BreadcrumbList\",\"@id\":\"https:\/\/quartierdesbatignolles.fr\/index.php\/magasins-de-vetements-et-accessoires\/#breadcrumb\",\"itemListElement\":[{\"@type\":\"ListItem\",\"position\":1,\"name\":\"Accueil\",\"item\":\"https:\/\/quartierdesbatignolles.fr\/\"},{\"@type\":\"ListItem\",\"position\":2,\"name\":\"La seconde main aux Batignolles\"}]},{\"@type\":\"WebSite\",\"@id\":\"https:\/\/quartierdesbatignolles.fr\/#website\",\"url\":\"https:\/\/quartierdesbatignolles.fr\/\",\"name\":\"Quartier des Batignolles\",\"description\":\"\",\"publisher\":{\"@id\":\"https:\/\/quartierdesbatignolles.fr\/#organization\"},\"potentialAction\":[{\"@type\":\"SearchAction\",\"target\":{\"@type\":\"EntryPoint\",\"urlTemplate\":\"https:\/\/quartierdesbatignolles.fr\/?s={search_term_string}\"},\"query-input\":{\"@type\":\"PropertyValueSpecification\",\"valueRequired\":true,\"valueName\":\"search_term_string\"}}],\"inLanguage\":\"fr-FR\"},{\"@type\":\"Organization\",\"@id\":\"https:\/\/quartierdesbatignolles.fr\/#organization\",\"name\":\"Quartier des Batignolles\",\"url\":\"https:\/\/quartierdesbatignolles.fr\/\",\"logo\":{\"@type\":\"ImageObject\",\"inLanguage\":\"fr-FR\",\"@id\":\"https:\/\/quartierdesbatignolles.fr\/#\/schema\/logo\/image\/\",\"url\":\"https:\/\/quartierdesbatignolles.fr\/wp-content\/uploads\/2025\/01\/logo-quartier-des-batignolles.png\",\"contentUrl\":\"https:\/\/quartierdesbatignolles.fr\/wp-content\/uploads\/2025\/01\/logo-quartier-des-batignolles.png\",\"width\":440,\"height\":150,\"caption\":\"Quartier des Batignolles\"},\"image\":{\"@id\":\"https:\/\/quartierdesbatignolles.fr\/#\/schema\/logo\/image\/\"}}]}<\/script>\n<!-- \/ Yoast SEO plugin. -->","yoast_head_json":{"title":"La seconde main aux Batignolles - Quartier des Batignolles","description":"D\u00e9couvrez les commerces de seconde main des Batignolles Paris 17\u00e8me. Les bonnes adresses du quartier. Passez faire un tour!","robots":{"index":"index","follow":"follow","max-snippet":"max-snippet:-1","max-image-preview":"max-image-preview:large","max-video-preview":"max-video-preview:-1"},"canonical":"https:\/\/quartierdesbatignolles.fr\/index.php\/magasins-de-vetements-et-accessoires\/","og_locale":"fr_FR","og_type":"article","og_title":"La seconde main aux Batignolles - Quartier des Batignolles","og_description":"D\u00e9couvrez les commerces de seconde main des Batignolles Paris 17\u00e8me. Les bonnes adresses du quartier. Passez faire un tour!","og_url":"https:\/\/quartierdesbatignolles.fr\/index.php\/magasins-de-vetements-et-accessoires\/","og_site_name":"Quartier des Batignolles","article_modified_time":"2025-01-28T20:58:51+00:00","og_image":[{"url":"https:\/\/quartierdesbatignolles.fr\/wp-content\/uploads\/2025\/01\/1f67af19-aeb7-407a-8dd0-81d9d483aaa8-768x1365.jpg","type":"","width":"","height":""}],"twitter_card":"summary_large_image","twitter_misc":{"Dur\u00e9e de lecture estim\u00e9e":"1 minute"},"schema":{"@context":"https:\/\/schema.org","@graph":[{"@type":"WebPage","@id":"https:\/\/quartierdesbatignolles.fr\/index.php\/magasins-de-vetements-et-accessoires\/","url":"https:\/\/quartierdesbatignolles.fr\/index.php\/magasins-de-vetements-et-accessoires\/","name":"La seconde main aux Batignolles - Quartier des Batignolles","isPartOf":{"@id":"https:\/\/quartierdesbatignolles.fr\/#website"},"primaryImageOfPage":{"@id":"https:\/\/quartierdesbatignolles.fr\/index.php\/magasins-de-vetements-et-accessoires\/#primaryimage"},"image":{"@id":"https:\/\/quartierdesbatignolles.fr\/index.php\/magasins-de-vetements-et-accessoires\/#primaryimage"},"thumbnailUrl":"https:\/\/quartierdesbatignolles.fr\/wp-content\/uploads\/2025\/01\/1f67af19-aeb7-407a-8dd0-81d9d483aaa8-768x1365.jpg","datePublished":"2025-01-22T13:33:08+00:00","dateModified":"2025-01-28T20:58:51+00:00","description":"D\u00e9couvrez les commerces de seconde main des Batignolles Paris 17\u00e8me. Les bonnes adresses du quartier. Passez faire un tour!","breadcrumb":{"@id":"https:\/\/quartierdesbatignolles.fr\/index.php\/magasins-de-vetements-et-accessoires\/#breadcrumb"},"inLanguage":"fr-FR","potentialAction":[{"@type":"ReadAction","target":["https:\/\/quartierdesbatignolles.fr\/index.php\/magasins-de-vetements-et-accessoires\/"]}]},{"@type":"ImageObject","inLanguage":"fr-FR","@id":"https:\/\/quartierdesbatignolles.fr\/index.php\/magasins-de-vetements-et-accessoires\/#primaryimage","url":"https:\/\/quartierdesbatignolles.fr\/wp-content\/uploads\/2025\/01\/1f67af19-aeb7-407a-8dd0-81d9d483aaa8.jpg","contentUrl":"https:\/\/quartierdesbatignolles.fr\/wp-content\/uploads\/2025\/01\/1f67af19-aeb7-407a-8dd0-81d9d483aaa8.jpg","width":1152,"height":2048,"caption":"secondeal v\u00eatements de seconde main"},{"@type":"BreadcrumbList","@id":"https:\/\/quartierdesbatignolles.fr\/index.php\/magasins-de-vetements-et-accessoires\/#breadcrumb","itemListElement":[{"@type":"ListItem","position":1,"name":"Accueil","item":"https:\/\/quartierdesbatignolles.fr\/"},{"@type":"ListItem","position":2,"name":"La seconde main aux Batignolles"}]},{"@type":"WebSite","@id":"https:\/\/quartierdesbatignolles.fr\/#website","url":"https:\/\/quartierdesbatignolles.fr\/","name":"Quartier des Batignolles","description":"","publisher":{"@id":"https:\/\/quartierdesbatignolles.fr\/#organization"},"potentialAction":[{"@type":"SearchAction","target":{"@type":"EntryPoint","urlTemplate":"https:\/\/quartierdesbatignolles.fr\/?s={search_term_string}"},"query-input":{"@type":"PropertyValueSpecification","valueRequired":true,"valueName":"search_term_string"}}],"inLanguage":"fr-FR"},{"@type":"Organization","@id":"https:\/\/quartierdesbatignolles.fr\/#organization","name":"Quartier des Batignolles","url":"https:\/\/quartierdesbatignolles.fr\/","logo":{"@type":"ImageObject","inLanguage":"fr-FR","@id":"https:\/\/quartierdesbatignolles.fr\/#\/schema\/logo\/image\/","url":"https:\/\/quartierdesbatignolles.fr\/wp-content\/uploads\/2025\/01\/logo-quartier-des-batignolles.png","contentUrl":"https:\/\/quartierdesbatignolles.fr\/wp-content\/uploads\/2025\/01\/logo-quartier-des-batignolles.png","width":440,"height":150,"caption":"Quartier des Batignolles"},"image":{"@id":"https:\/\/quartierdesbatignolles.fr\/#\/schema\/logo\/image\/"}}]}},"rttpg_featured_image_url":null,"rttpg_author":{"display_name":"Alexandre","author_link":"https:\/\/quartierdesbatignolles.fr\/index.php\/author\/alexandre\/"},"rttpg_comment":0,"rttpg_category":"Non class\u00e9","rttpg_excerpt":"Magasins de seconde main magasin,v\u00eatements Secondeal v\u00eatements de seconde 18 janvier 2025 magasin,v\u00eatements Secondeal v\u00eatements de seconde main Situ\u00e9e dans le charmant 17\u00e8me arrondissement de Paris, au 99 rue Legendre, Secondeal est une boutique incontournable pour les amateurs de mode \u00e0 la recherche de&#8230; Secondeal v\u00eatements de seconde","_links":{"self":[{"href":"https:\/\/quartierdesbatignolles.fr\/index.php\/wp-json\/wp\/v2\/pages\/188","targetHints":{"allow":["GET"]}}],"collection":[{"href":"https:\/\/quartierdesbatignolles.fr\/index.php\/wp-json\/wp\/v2\/pages"}],"about":[{"href":"https:\/\/quartierdesbatignolles.fr\/index.php\/wp-json\/wp\/v2\/types\/page"}],"author":[{"embeddable":true,"href":"https:\/\/quartierdesbatignolles.fr\/index.php\/wp-json\/wp\/v2\/users\/1"}],"replies":[{"embeddable":true,"href":"https:\/\/quartierdesbatignolles.fr\/index.php\/wp-json\/wp\/v2\/comments?post=188"}],"version-history":[{"count":17,"href":"https:\/\/quartierdesbatignolles.fr\/index.php\/wp-json\/wp\/v2\/pages\/188\/revisions"}],"predecessor-version":[{"id":265,"href":"https:\/\/quartierdesbatignolles.fr\/index.php\/wp-json\/wp\/v2\/pages\/188\/revisions\/265"}],"wp:attachment":[{"href":"https:\/\/quartierdesbatignolles.fr\/index.php\/wp-json\/wp\/v2\/media?parent=188"}],"wp:term":[{"taxonomy":"category","embeddable":true,"href":"https:\/\/quartierdesbatignolles.fr\/index.php\/wp-json\/wp\/v2\/categories?post=188"},{"taxonomy":"post_tag","embeddable":true,"href":"https:\/\/quartierdesbatignolles.fr\/index.php\/wp-json\/wp\/v2\/tags?post=188"}],"curies":[{"name":"wp","href":"https:\/\/api.w.org\/{rel}","templated":true}]}}