{"id":152,"date":"2025-01-22T12:31:20","date_gmt":"2025-01-22T11:31:20","guid":{"rendered":"https:\/\/quartierdesbatignolles.fr\/?page_id=152"},"modified":"2025-01-22T12:48:45","modified_gmt":"2025-01-22T11:48:45","slug":"quartier-des-batignolles","status":"publish","type":"page","link":"https:\/\/quartierdesbatignolles.fr\/index.php\/quartier-des-batignolles\/","title":{"rendered":"Le Quartier des Batignolles"},"content":{"rendered":"\t\t<div data-elementor-type=\"wp-page\" data-elementor-id=\"152\" class=\"elementor elementor-152\">\n\t\t\t\t<div class=\"elementor-element elementor-element-2105a1a e-flex e-con-boxed wpr-particle-no wpr-jarallax-no wpr-parallax-no wpr-sticky-section-no e-con e-parent\" data-id=\"2105a1a\" data-element_type=\"container\" data-settings=\"{&quot;background_background&quot;:&quot;classic&quot;}\">\n\t\t\t\t\t<div class=\"e-con-inner\">\n\t\t\t\t<div class=\"elementor-element elementor-element-4663360 elementor-widget elementor-widget-heading\" data-id=\"4663360\" data-element_type=\"widget\" data-widget_type=\"heading.default\">\n\t\t\t\t<div class=\"elementor-widget-container\">\n\t\t\t\t\t<h2 class=\"elementor-heading-title elementor-size-default\">Quartier des Batignolles<\/h2>\t\t\t\t<\/div>\n\t\t\t\t<\/div>\n\t\t\t\t\t<\/div>\n\t\t\t\t<\/div>\n\t\t<div class=\"elementor-element elementor-element-052ed41 e-flex e-con-boxed wpr-particle-no wpr-jarallax-no wpr-parallax-no wpr-sticky-section-no e-con e-parent\" data-id=\"052ed41\" data-element_type=\"container\">\n\t\t\t\t\t<div class=\"e-con-inner\">\n\t\t<div class=\"elementor-element elementor-element-eb72059 e-con-full e-flex wpr-particle-no wpr-jarallax-no wpr-parallax-no wpr-sticky-section-no e-con e-child\" data-id=\"eb72059\" data-element_type=\"container\">\n\t\t\t\t<div class=\"elementor-element elementor-element-0e9640e elementor-widget elementor-widget-heading\" data-id=\"0e9640e\" data-element_type=\"widget\" data-widget_type=\"heading.default\">\n\t\t\t\t<div class=\"elementor-widget-container\">\n\t\t\t\t\t<h2 class=\"elementor-heading-title elementor-size-default\">Un village aux origines rurales<\/h2>\t\t\t\t<\/div>\n\t\t\t\t<\/div>\n\t\t\t\t<div class=\"elementor-element elementor-element-5e4e197 elementor-widget elementor-widget-text-editor\" data-id=\"5e4e197\" data-element_type=\"widget\" data-widget_type=\"text-editor.default\">\n\t\t\t\t<div class=\"elementor-widget-container\">\n\t\t\t\t\t\t\t\t\t<p>Le quartier des Batignolles, situ\u00e9 dans le 17\u1d49 arrondissement de Paris, trouve ses origines dans un ancien hameau rural. Au Moyen \u00c2ge, cette zone, en dehors des limites de Paris, \u00e9tait principalement compos\u00e9e de terres agricoles et de vignobles. Son nom proviendrait du mot \u00ab bastidiole \u00bb, signifiant \u00ab petite construction \u00bb, en r\u00e9f\u00e9rence aux maisons modestes qui jalonnaient ce paysage champ\u00eatre. Pendant des si\u00e8cles, les Batignolles ont conserv\u00e9 leur caract\u00e8re bucolique, attirant les Parisiens en qu\u00eate d\u2019\u00e9vasion et de calme.<\/p><p>\u00a0<\/p>\t\t\t\t\t\t\t\t<\/div>\n\t\t\t\t<\/div>\n\t\t\t\t<\/div>\n\t\t<div class=\"elementor-element elementor-element-097e798 e-con-full e-flex wpr-particle-no wpr-jarallax-no wpr-parallax-no wpr-sticky-section-no e-con e-child\" data-id=\"097e798\" data-element_type=\"container\">\n\t\t\t\t<div class=\"elementor-element elementor-element-4332f8a elementor-widget elementor-widget-image\" data-id=\"4332f8a\" data-element_type=\"widget\" data-widget_type=\"image.default\">\n\t\t\t\t<div class=\"elementor-widget-container\">\n\t\t\t\t\t\t\t\t\t\t\t\t\t\t\t<img fetchpriority=\"high\" decoding=\"async\" width=\"800\" height=\"393\" src=\"https:\/\/quartierdesbatignolles.fr\/wp-content\/uploads\/2025\/01\/batignolles-1024x503.jpg\" class=\"attachment-large size-large wp-image-21\" alt=\"\" \/>\t\t\t\t\t\t\t\t\t\t\t\t\t\t\t<\/div>\n\t\t\t\t<\/div>\n\t\t\t\t<\/div>\n\t\t\t\t\t<\/div>\n\t\t\t\t<\/div>\n\t\t<div class=\"elementor-element elementor-element-0c321f5 e-flex e-con-boxed wpr-particle-no wpr-jarallax-no wpr-parallax-no wpr-sticky-section-no e-con e-parent\" data-id=\"0c321f5\" data-element_type=\"container\">\n\t\t\t\t\t<div class=\"e-con-inner\">\n\t\t\t\t<div class=\"elementor-element elementor-element-43704c6 elementor-widget elementor-widget-spacer\" data-id=\"43704c6\" data-element_type=\"widget\" data-widget_type=\"spacer.default\">\n\t\t\t\t<div class=\"elementor-widget-container\">\n\t\t\t\t\t\t\t<div class=\"elementor-spacer\">\n\t\t\t<div class=\"elementor-spacer-inner\"><\/div>\n\t\t<\/div>\n\t\t\t\t\t\t<\/div>\n\t\t\t\t<\/div>\n\t\t\t\t\t<\/div>\n\t\t\t\t<\/div>\n\t\t<div class=\"elementor-element elementor-element-dade9a9 e-flex e-con-boxed wpr-particle-no wpr-jarallax-no wpr-parallax-no wpr-sticky-section-no e-con e-parent\" data-id=\"dade9a9\" data-element_type=\"container\">\n\t\t\t\t\t<div class=\"e-con-inner\">\n\t\t<div class=\"elementor-element elementor-element-381dfdf e-con-full e-flex wpr-particle-no wpr-jarallax-no wpr-parallax-no wpr-sticky-section-no e-con e-child\" data-id=\"381dfdf\" data-element_type=\"container\">\n\t\t\t\t<div class=\"elementor-element elementor-element-36b7e6a elementor-widget elementor-widget-heading\" data-id=\"36b7e6a\" data-element_type=\"widget\" data-widget_type=\"heading.default\">\n\t\t\t\t<div class=\"elementor-widget-container\">\n\t\t\t\t\t<h2 class=\"elementor-heading-title elementor-size-default\">Une int\u00e9gration progressive \u00e0 Paris<\/h2>\t\t\t\t<\/div>\n\t\t\t\t<\/div>\n\t\t\t\t<div class=\"elementor-element elementor-element-35a8929 elementor-widget elementor-widget-text-editor\" data-id=\"35a8929\" data-element_type=\"widget\" data-widget_type=\"text-editor.default\">\n\t\t\t\t<div class=\"elementor-widget-container\">\n\t\t\t\t\t\t\t\t\t<p>Au XIX\u1d49 si\u00e8cle, le quartier conna\u00eet un tournant d\u00e9cisif avec son int\u00e9gration \u00e0 la ville de Paris en 1860, lors de l&#8217;annexion des communes p\u00e9riph\u00e9riques. La construction du chemin de fer et l\u2019ouverture de la gare des Batignolles contribuent \u00e0 son essor en facilitant les \u00e9changes et le transport. Progressivement, des immeubles haussmanniens remplacent les terres agricoles, et le quartier se transforme en une zone r\u00e9sidentielle pris\u00e9e par la bourgeoisie. \u00c0 cette \u00e9poque, les Batignolles deviennent aussi un centre artistique, fr\u00e9quent\u00e9 par des peintres, \u00e9crivains et intellectuels tels que \u00c9douard Manet et St\u00e9phane Mallarm\u00e9.<\/p>\t\t\t\t\t\t\t\t<\/div>\n\t\t\t\t<\/div>\n\t\t\t\t<\/div>\n\t\t<div class=\"elementor-element elementor-element-bb794ce e-con-full e-flex wpr-particle-no wpr-jarallax-no wpr-parallax-no wpr-sticky-section-no e-con e-child\" data-id=\"bb794ce\" data-element_type=\"container\">\n\t\t\t\t<div class=\"elementor-element elementor-element-3585dd7 elementor-widget elementor-widget-image\" data-id=\"3585dd7\" data-element_type=\"widget\" data-widget_type=\"image.default\">\n\t\t\t\t<div class=\"elementor-widget-container\">\n\t\t\t\t\t\t\t\t\t\t\t\t\t\t\t<img decoding=\"async\" width=\"800\" height=\"534\" src=\"https:\/\/quartierdesbatignolles.fr\/wp-content\/uploads\/2025\/01\/parc-batignolles-1024x683.jpg\" class=\"attachment-large size-large wp-image-159\" alt=\"\" \/>\t\t\t\t\t\t\t\t\t\t\t\t\t\t\t<\/div>\n\t\t\t\t<\/div>\n\t\t\t\t<\/div>\n\t\t\t\t\t<\/div>\n\t\t\t\t<\/div>\n\t\t<div class=\"elementor-element elementor-element-8023ad8 e-flex e-con-boxed wpr-particle-no wpr-jarallax-no wpr-parallax-no wpr-sticky-section-no e-con e-parent\" data-id=\"8023ad8\" data-element_type=\"container\">\n\t\t\t\t\t<div class=\"e-con-inner\">\n\t\t\t\t<div class=\"elementor-element elementor-element-4efa6b5 elementor-widget elementor-widget-spacer\" data-id=\"4efa6b5\" data-element_type=\"widget\" data-widget_type=\"spacer.default\">\n\t\t\t\t<div class=\"elementor-widget-container\">\n\t\t\t\t\t\t\t<div class=\"elementor-spacer\">\n\t\t\t<div class=\"elementor-spacer-inner\"><\/div>\n\t\t<\/div>\n\t\t\t\t\t\t<\/div>\n\t\t\t\t<\/div>\n\t\t\t\t\t<\/div>\n\t\t\t\t<\/div>\n\t\t<div class=\"elementor-element elementor-element-169486a e-flex e-con-boxed wpr-particle-no wpr-jarallax-no wpr-parallax-no wpr-sticky-section-no e-con e-parent\" data-id=\"169486a\" data-element_type=\"container\">\n\t\t\t\t\t<div class=\"e-con-inner\">\n\t\t<div class=\"elementor-element elementor-element-4b96272 e-con-full e-flex wpr-particle-no wpr-jarallax-no wpr-parallax-no wpr-sticky-section-no e-con e-child\" data-id=\"4b96272\" data-element_type=\"container\">\n\t\t\t\t<div class=\"elementor-element elementor-element-f48c9d1 elementor-widget elementor-widget-heading\" data-id=\"f48c9d1\" data-element_type=\"widget\" data-widget_type=\"heading.default\">\n\t\t\t\t<div class=\"elementor-widget-container\">\n\t\t\t\t\t<h2 class=\"elementor-heading-title elementor-size-default\">Un renouveau moderne et durable<\/h2>\t\t\t\t<\/div>\n\t\t\t\t<\/div>\n\t\t\t\t<div class=\"elementor-element elementor-element-2b0185c elementor-widget elementor-widget-text-editor\" data-id=\"2b0185c\" data-element_type=\"widget\" data-widget_type=\"text-editor.default\">\n\t\t\t\t<div class=\"elementor-widget-container\">\n\t\t\t\t\t\t\t\t\t<p>Dans les derni\u00e8res d\u00e9cennies, le quartier a poursuivi son \u00e9volution gr\u00e2ce au projet Clichy-Batignolles, un programme ambitieux de r\u00e9am\u00e9nagement urbain. Le parc Martin Luther King, inaugur\u00e9 en 2007, en est le symbole, apportant un souffle de modernit\u00e9 et un espace vert de grande ampleur. De nouveaux b\u00e2timents \u00e0 l\u2019architecture contemporaine, des commerces, des bureaux et des infrastructures publiques renforcent l\u2019attractivit\u00e9 des Batignolles tout en pr\u00e9servant son esprit villageois. Aujourd\u2019hui, le quartier incarne une harmonie r\u00e9ussie entre son riche pass\u00e9 et une dynamique tourn\u00e9e vers l\u2019avenir.<\/p>\t\t\t\t\t\t\t\t<\/div>\n\t\t\t\t<\/div>\n\t\t\t\t<\/div>\n\t\t<div class=\"elementor-element elementor-element-ae27a07 e-con-full e-flex wpr-particle-no wpr-jarallax-no wpr-parallax-no wpr-sticky-section-no e-con e-child\" data-id=\"ae27a07\" data-element_type=\"container\">\n\t\t\t\t<div class=\"elementor-element elementor-element-6d168bf elementor-widget elementor-widget-image\" data-id=\"6d168bf\" data-element_type=\"widget\" data-widget_type=\"image.default\">\n\t\t\t\t<div class=\"elementor-widget-container\">\n\t\t\t\t\t\t\t\t\t\t\t\t\t\t\t<img decoding=\"async\" width=\"800\" height=\"534\" src=\"https:\/\/quartierdesbatignolles.fr\/wp-content\/uploads\/2025\/01\/rue-legendre-1024x683.jpg\" class=\"attachment-large size-large wp-image-160\" alt=\"\" \/>\t\t\t\t\t\t\t\t\t\t\t\t\t\t\t<\/div>\n\t\t\t\t<\/div>\n\t\t\t\t<\/div>\n\t\t\t\t\t<\/div>\n\t\t\t\t<\/div>\n\t\t\t\t<\/div>\n\t\t","protected":false},"excerpt":{"rendered":"<p>Quartier des Batignolles Un village aux origines rurales Le quartier des Batignolles, situ\u00e9 dans le 17\u1d49 arrondissement de Paris, trouve ses origines dans un ancien hameau rural. Au Moyen \u00c2ge, cette zone, en dehors des limites de Paris, \u00e9tait principalement compos\u00e9e de terres agricoles et de vignobles. Son nom proviendrait du mot \u00ab bastidiole \u00bb, signifiant \u00ab petite construction \u00bb, en r\u00e9f\u00e9rence aux maisons modestes qui jalonnaient ce paysage champ\u00eatre. Pendant des si\u00e8cles, les Batignolles ont conserv\u00e9 leur caract\u00e8re bucolique, attirant les Parisiens en qu\u00eate d\u2019\u00e9vasion et de calme. \u00a0 Une int\u00e9gration progressive \u00e0 Paris Au XIX\u1d49 si\u00e8cle, le quartier conna\u00eet un tournant d\u00e9cisif avec son int\u00e9gration \u00e0 la ville de Paris en 1860, lors de l&#8217;annexion des communes p\u00e9riph\u00e9riques. La construction du chemin de fer et l\u2019ouverture de la gare des Batignolles contribuent \u00e0 son essor en facilitant les \u00e9changes et le transport. Progressivement, des immeubles haussmanniens remplacent les terres agricoles, et le quartier se transforme en une zone r\u00e9sidentielle pris\u00e9e par la bourgeoisie. \u00c0 cette \u00e9poque, les Batignolles deviennent aussi un centre artistique, fr\u00e9quent\u00e9 par des peintres, \u00e9crivains et intellectuels tels que \u00c9douard Manet et St\u00e9phane Mallarm\u00e9. Un renouveau moderne et durable Dans les derni\u00e8res d\u00e9cennies, le quartier a poursuivi son \u00e9volution gr\u00e2ce au projet Clichy-Batignolles, un programme ambitieux de r\u00e9am\u00e9nagement urbain. Le parc Martin Luther King, inaugur\u00e9 en 2007, en est le symbole, apportant un souffle de modernit\u00e9 et un espace vert de grande ampleur. De nouveaux b\u00e2timents \u00e0 l\u2019architecture contemporaine, des commerces, des bureaux et des infrastructures publiques renforcent l\u2019attractivit\u00e9 des Batignolles tout en pr\u00e9servant son esprit villageois. Aujourd\u2019hui, le quartier incarne une harmonie r\u00e9ussie entre son riche pass\u00e9 et une dynamique tourn\u00e9e vers l\u2019avenir.<\/p>\n","protected":false},"author":1,"featured_media":0,"parent":0,"menu_order":0,"comment_status":"closed","ping_status":"closed","template":"","meta":{"footnotes":""},"categories":[],"tags":[],"class_list":["post-152","page","type-page","status-publish","hentry"],"yoast_head":"<!-- This site is optimized with the Yoast SEO plugin v24.2 - https:\/\/yoast.com\/wordpress\/plugins\/seo\/ -->\n<title>Le Quartier des Batignolles - Quartier des Batignolles<\/title>\n<meta name=\"description\" content=\"Le Quartier des Batignolles. D\u00e9couvrez un quartier anim\u00e9 et mythique du 17\u00e8me arrondissement de Paris. Passez vous y promener!\" \/>\n<meta name=\"robots\" content=\"index, follow, max-snippet:-1, max-image-preview:large, max-video-preview:-1\" \/>\n<link rel=\"canonical\" href=\"https:\/\/quartierdesbatignolles.fr\/index.php\/quartier-des-batignolles\/\" \/>\n<meta property=\"og:locale\" content=\"fr_FR\" \/>\n<meta property=\"og:type\" content=\"article\" \/>\n<meta property=\"og:title\" content=\"Le Quartier des Batignolles - Quartier des Batignolles\" \/>\n<meta property=\"og:description\" content=\"Le Quartier des Batignolles. D\u00e9couvrez un quartier anim\u00e9 et mythique du 17\u00e8me arrondissement de Paris. Passez vous y promener!\" \/>\n<meta property=\"og:url\" content=\"https:\/\/quartierdesbatignolles.fr\/index.php\/quartier-des-batignolles\/\" \/>\n<meta property=\"og:site_name\" content=\"Quartier des Batignolles\" \/>\n<meta property=\"article:modified_time\" content=\"2025-01-22T11:48:45+00:00\" \/>\n<meta property=\"og:image\" content=\"https:\/\/quartierdesbatignolles.fr\/wp-content\/uploads\/2025\/01\/batignolles.jpg\" \/>\n\t<meta property=\"og:image:width\" content=\"1428\" \/>\n\t<meta property=\"og:image:height\" content=\"702\" \/>\n\t<meta property=\"og:image:type\" content=\"image\/jpeg\" \/>\n<meta name=\"twitter:card\" content=\"summary_large_image\" \/>\n<meta name=\"twitter:label1\" content=\"Dur\u00e9e de lecture estim\u00e9e\" \/>\n\t<meta name=\"twitter:data1\" content=\"1 minute\" \/>\n<script type=\"application\/ld+json\" class=\"yoast-schema-graph\">{\"@context\":\"https:\/\/schema.org\",\"@graph\":[{\"@type\":\"WebPage\",\"@id\":\"https:\/\/quartierdesbatignolles.fr\/index.php\/quartier-des-batignolles\/\",\"url\":\"https:\/\/quartierdesbatignolles.fr\/index.php\/quartier-des-batignolles\/\",\"name\":\"Le Quartier des Batignolles - Quartier des Batignolles\",\"isPartOf\":{\"@id\":\"https:\/\/quartierdesbatignolles.fr\/#website\"},\"primaryImageOfPage\":{\"@id\":\"https:\/\/quartierdesbatignolles.fr\/index.php\/quartier-des-batignolles\/#primaryimage\"},\"image\":{\"@id\":\"https:\/\/quartierdesbatignolles.fr\/index.php\/quartier-des-batignolles\/#primaryimage\"},\"thumbnailUrl\":\"https:\/\/quartierdesbatignolles.fr\/wp-content\/uploads\/2025\/01\/batignolles-1024x503.jpg\",\"datePublished\":\"2025-01-22T11:31:20+00:00\",\"dateModified\":\"2025-01-22T11:48:45+00:00\",\"description\":\"Le Quartier des Batignolles. D\u00e9couvrez un quartier anim\u00e9 et mythique du 17\u00e8me arrondissement de Paris. Passez vous y promener!\",\"breadcrumb\":{\"@id\":\"https:\/\/quartierdesbatignolles.fr\/index.php\/quartier-des-batignolles\/#breadcrumb\"},\"inLanguage\":\"fr-FR\",\"potentialAction\":[{\"@type\":\"ReadAction\",\"target\":[\"https:\/\/quartierdesbatignolles.fr\/index.php\/quartier-des-batignolles\/\"]}]},{\"@type\":\"ImageObject\",\"inLanguage\":\"fr-FR\",\"@id\":\"https:\/\/quartierdesbatignolles.fr\/index.php\/quartier-des-batignolles\/#primaryimage\",\"url\":\"https:\/\/quartierdesbatignolles.fr\/wp-content\/uploads\/2025\/01\/batignolles.jpg\",\"contentUrl\":\"https:\/\/quartierdesbatignolles.fr\/wp-content\/uploads\/2025\/01\/batignolles.jpg\",\"width\":1428,\"height\":702},{\"@type\":\"BreadcrumbList\",\"@id\":\"https:\/\/quartierdesbatignolles.fr\/index.php\/quartier-des-batignolles\/#breadcrumb\",\"itemListElement\":[{\"@type\":\"ListItem\",\"position\":1,\"name\":\"Accueil\",\"item\":\"https:\/\/quartierdesbatignolles.fr\/\"},{\"@type\":\"ListItem\",\"position\":2,\"name\":\"Le Quartier des Batignolles\"}]},{\"@type\":\"WebSite\",\"@id\":\"https:\/\/quartierdesbatignolles.fr\/#website\",\"url\":\"https:\/\/quartierdesbatignolles.fr\/\",\"name\":\"Quartier des Batignolles\",\"description\":\"\",\"publisher\":{\"@id\":\"https:\/\/quartierdesbatignolles.fr\/#organization\"},\"potentialAction\":[{\"@type\":\"SearchAction\",\"target\":{\"@type\":\"EntryPoint\",\"urlTemplate\":\"https:\/\/quartierdesbatignolles.fr\/?s={search_term_string}\"},\"query-input\":{\"@type\":\"PropertyValueSpecification\",\"valueRequired\":true,\"valueName\":\"search_term_string\"}}],\"inLanguage\":\"fr-FR\"},{\"@type\":\"Organization\",\"@id\":\"https:\/\/quartierdesbatignolles.fr\/#organization\",\"name\":\"Quartier des Batignolles\",\"url\":\"https:\/\/quartierdesbatignolles.fr\/\",\"logo\":{\"@type\":\"ImageObject\",\"inLanguage\":\"fr-FR\",\"@id\":\"https:\/\/quartierdesbatignolles.fr\/#\/schema\/logo\/image\/\",\"url\":\"https:\/\/quartierdesbatignolles.fr\/wp-content\/uploads\/2025\/01\/logo-quartier-des-batignolles.png\",\"contentUrl\":\"https:\/\/quartierdesbatignolles.fr\/wp-content\/uploads\/2025\/01\/logo-quartier-des-batignolles.png\",\"width\":440,\"height\":150,\"caption\":\"Quartier des Batignolles\"},\"image\":{\"@id\":\"https:\/\/quartierdesbatignolles.fr\/#\/schema\/logo\/image\/\"}}]}<\/script>\n<!-- \/ Yoast SEO plugin. -->","yoast_head_json":{"title":"Le Quartier des Batignolles - Quartier des Batignolles","description":"Le Quartier des Batignolles. D\u00e9couvrez un quartier anim\u00e9 et mythique du 17\u00e8me arrondissement de Paris. Passez vous y promener!","robots":{"index":"index","follow":"follow","max-snippet":"max-snippet:-1","max-image-preview":"max-image-preview:large","max-video-preview":"max-video-preview:-1"},"canonical":"https:\/\/quartierdesbatignolles.fr\/index.php\/quartier-des-batignolles\/","og_locale":"fr_FR","og_type":"article","og_title":"Le Quartier des Batignolles - Quartier des Batignolles","og_description":"Le Quartier des Batignolles. D\u00e9couvrez un quartier anim\u00e9 et mythique du 17\u00e8me arrondissement de Paris. Passez vous y promener!","og_url":"https:\/\/quartierdesbatignolles.fr\/index.php\/quartier-des-batignolles\/","og_site_name":"Quartier des Batignolles","article_modified_time":"2025-01-22T11:48:45+00:00","og_image":[{"width":1428,"height":702,"url":"https:\/\/quartierdesbatignolles.fr\/wp-content\/uploads\/2025\/01\/batignolles.jpg","type":"image\/jpeg"}],"twitter_card":"summary_large_image","twitter_misc":{"Dur\u00e9e de lecture estim\u00e9e":"1 minute"},"schema":{"@context":"https:\/\/schema.org","@graph":[{"@type":"WebPage","@id":"https:\/\/quartierdesbatignolles.fr\/index.php\/quartier-des-batignolles\/","url":"https:\/\/quartierdesbatignolles.fr\/index.php\/quartier-des-batignolles\/","name":"Le Quartier des Batignolles - Quartier des Batignolles","isPartOf":{"@id":"https:\/\/quartierdesbatignolles.fr\/#website"},"primaryImageOfPage":{"@id":"https:\/\/quartierdesbatignolles.fr\/index.php\/quartier-des-batignolles\/#primaryimage"},"image":{"@id":"https:\/\/quartierdesbatignolles.fr\/index.php\/quartier-des-batignolles\/#primaryimage"},"thumbnailUrl":"https:\/\/quartierdesbatignolles.fr\/wp-content\/uploads\/2025\/01\/batignolles-1024x503.jpg","datePublished":"2025-01-22T11:31:20+00:00","dateModified":"2025-01-22T11:48:45+00:00","description":"Le Quartier des Batignolles. D\u00e9couvrez un quartier anim\u00e9 et mythique du 17\u00e8me arrondissement de Paris. Passez vous y promener!","breadcrumb":{"@id":"https:\/\/quartierdesbatignolles.fr\/index.php\/quartier-des-batignolles\/#breadcrumb"},"inLanguage":"fr-FR","potentialAction":[{"@type":"ReadAction","target":["https:\/\/quartierdesbatignolles.fr\/index.php\/quartier-des-batignolles\/"]}]},{"@type":"ImageObject","inLanguage":"fr-FR","@id":"https:\/\/quartierdesbatignolles.fr\/index.php\/quartier-des-batignolles\/#primaryimage","url":"https:\/\/quartierdesbatignolles.fr\/wp-content\/uploads\/2025\/01\/batignolles.jpg","contentUrl":"https:\/\/quartierdesbatignolles.fr\/wp-content\/uploads\/2025\/01\/batignolles.jpg","width":1428,"height":702},{"@type":"BreadcrumbList","@id":"https:\/\/quartierdesbatignolles.fr\/index.php\/quartier-des-batignolles\/#breadcrumb","itemListElement":[{"@type":"ListItem","position":1,"name":"Accueil","item":"https:\/\/quartierdesbatignolles.fr\/"},{"@type":"ListItem","position":2,"name":"Le Quartier des Batignolles"}]},{"@type":"WebSite","@id":"https:\/\/quartierdesbatignolles.fr\/#website","url":"https:\/\/quartierdesbatignolles.fr\/","name":"Quartier des Batignolles","description":"","publisher":{"@id":"https:\/\/quartierdesbatignolles.fr\/#organization"},"potentialAction":[{"@type":"SearchAction","target":{"@type":"EntryPoint","urlTemplate":"https:\/\/quartierdesbatignolles.fr\/?s={search_term_string}"},"query-input":{"@type":"PropertyValueSpecification","valueRequired":true,"valueName":"search_term_string"}}],"inLanguage":"fr-FR"},{"@type":"Organization","@id":"https:\/\/quartierdesbatignolles.fr\/#organization","name":"Quartier des Batignolles","url":"https:\/\/quartierdesbatignolles.fr\/","logo":{"@type":"ImageObject","inLanguage":"fr-FR","@id":"https:\/\/quartierdesbatignolles.fr\/#\/schema\/logo\/image\/","url":"https:\/\/quartierdesbatignolles.fr\/wp-content\/uploads\/2025\/01\/logo-quartier-des-batignolles.png","contentUrl":"https:\/\/quartierdesbatignolles.fr\/wp-content\/uploads\/2025\/01\/logo-quartier-des-batignolles.png","width":440,"height":150,"caption":"Quartier des Batignolles"},"image":{"@id":"https:\/\/quartierdesbatignolles.fr\/#\/schema\/logo\/image\/"}}]}},"rttpg_featured_image_url":null,"rttpg_author":{"display_name":"Alexandre","author_link":"https:\/\/quartierdesbatignolles.fr\/index.php\/author\/alexandre\/"},"rttpg_comment":0,"rttpg_category":false,"rttpg_excerpt":"Quartier des Batignolles Un village aux origines rurales Le quartier des Batignolles, situ\u00e9 dans le 17\u1d49 arrondissement de Paris, trouve ses origines dans un ancien hameau rural. Au Moyen \u00c2ge, cette zone, en dehors des limites de Paris, \u00e9tait principalement compos\u00e9e de terres agricoles et de vignobles. Son nom proviendrait du mot \u00ab bastidiole \u00bb,\u2026","_links":{"self":[{"href":"https:\/\/quartierdesbatignolles.fr\/index.php\/wp-json\/wp\/v2\/pages\/152","targetHints":{"allow":["GET"]}}],"collection":[{"href":"https:\/\/quartierdesbatignolles.fr\/index.php\/wp-json\/wp\/v2\/pages"}],"about":[{"href":"https:\/\/quartierdesbatignolles.fr\/index.php\/wp-json\/wp\/v2\/types\/page"}],"author":[{"embeddable":true,"href":"https:\/\/quartierdesbatignolles.fr\/index.php\/wp-json\/wp\/v2\/users\/1"}],"replies":[{"embeddable":true,"href":"https:\/\/quartierdesbatignolles.fr\/index.php\/wp-json\/wp\/v2\/comments?post=152"}],"version-history":[{"count":7,"href":"https:\/\/quartierdesbatignolles.fr\/index.php\/wp-json\/wp\/v2\/pages\/152\/revisions"}],"predecessor-version":[{"id":163,"href":"https:\/\/quartierdesbatignolles.fr\/index.php\/wp-json\/wp\/v2\/pages\/152\/revisions\/163"}],"wp:attachment":[{"href":"https:\/\/quartierdesbatignolles.fr\/index.php\/wp-json\/wp\/v2\/media?parent=152"}],"wp:term":[{"taxonomy":"category","embeddable":true,"href":"https:\/\/quartierdesbatignolles.fr\/index.php\/wp-json\/wp\/v2\/categories?post=152"},{"taxonomy":"post_tag","embeddable":true,"href":"https:\/\/quartierdesbatignolles.fr\/index.php\/wp-json\/wp\/v2\/tags?post=152"}],"curies":[{"name":"wp","href":"https:\/\/api.w.org\/{rel}","templated":true}]}}